{"id":3,"date":"2021-08-17T12:09:57","date_gmt":"2021-08-17T10:09:57","guid":{"rendered":"https:\/\/www.vacchinihome.com\/?page_id=3"},"modified":"2022-09-21T13:11:54","modified_gmt":"2022-09-21T11:11:54","slug":"privacy-policy","status":"publish","type":"page","link":"https:\/\/www.vacchinihome.com\/?page_id=3","title":{"rendered":"PRIVACY POLICY"},"content":{"rendered":"\t\t<div data-elementor-type=\"wp-page\" data-elementor-id=\"3\" class=\"elementor elementor-3\">\n\t\t\t\t\t\t\t\t\t<section class=\"elementor-section elementor-top-section elementor-element elementor-element-328e8416 elementor-section-boxed elementor-section-height-default elementor-section-height-default qodef-elementor-content-no\" data-id=\"328e8416\" data-element_type=\"section\" data-settings=\"{&quot;background_background&quot;:&quot;classic&quot;}\">\n\t\t\t\t\t\t<div class=\"elementor-container elementor-column-gap-default\">\n\t\t\t\t\t<div class=\"elementor-column elementor-col-100 elementor-top-column elementor-element elementor-element-bd0e6d8\" data-id=\"bd0e6d8\" data-element_type=\"column\">\n\t\t\t<div class=\"elementor-widget-wrap elementor-element-populated\">\n\t\t\t\t\t\t\t\t<div class=\"elementor-element elementor-element-c99ca1f elementor-widget elementor-widget-heading\" data-id=\"c99ca1f\" data-element_type=\"widget\" data-widget_type=\"heading.default\">\n\t\t\t\t<div class=\"elementor-widget-container\">\n\t\t\t<style>\/*! elementor - v3.18.0 - 20-12-2023 *\/\n.elementor-heading-title{padding:0;margin:0;line-height:1}.elementor-widget-heading .elementor-heading-title[class*=elementor-size-]>a{color:inherit;font-size:inherit;line-height:inherit}.elementor-widget-heading .elementor-heading-title.elementor-size-small{font-size:15px}.elementor-widget-heading .elementor-heading-title.elementor-size-medium{font-size:19px}.elementor-widget-heading .elementor-heading-title.elementor-size-large{font-size:29px}.elementor-widget-heading .elementor-heading-title.elementor-size-xl{font-size:39px}.elementor-widget-heading .elementor-heading-title.elementor-size-xxl{font-size:59px}<\/style><h2 class=\"elementor-heading-title elementor-size-default\">PRIVACY POLICY<\/h2>\t\t<\/div>\n\t\t\t\t<\/div>\n\t\t\t\t<div class=\"elementor-element elementor-element-19faa9a9 elementor-widget elementor-widget-text-editor\" data-id=\"19faa9a9\" data-element_type=\"widget\" data-widget_type=\"text-editor.default\">\n\t\t\t\t<div class=\"elementor-widget-container\">\n\t\t\t<style>\/*! elementor - v3.18.0 - 20-12-2023 *\/\n.elementor-widget-text-editor.elementor-drop-cap-view-stacked .elementor-drop-cap{background-color:#69727d;color:#fff}.elementor-widget-text-editor.elementor-drop-cap-view-framed .elementor-drop-cap{color:#69727d;border:3px solid;background-color:transparent}.elementor-widget-text-editor:not(.elementor-drop-cap-view-default) .elementor-drop-cap{margin-top:8px}.elementor-widget-text-editor:not(.elementor-drop-cap-view-default) .elementor-drop-cap-letter{width:1em;height:1em}.elementor-widget-text-editor .elementor-drop-cap{float:left;text-align:center;line-height:1;font-size:50px}.elementor-widget-text-editor .elementor-drop-cap-letter{display:inline-block}<\/style>\t\t\t\t<!-- wp:heading -->\n<p>Informativa sulla privacy ai sensi dell\u2019<b><strong>art.13 del D.Lgs. n. 196\/03 (codice in materia di protezione dei dati personali)<\/strong><\/b>.<br \/>In osservanza delle disposizioni in materia di tutela dei dati personali desideriamo informarLa che i dati personali e anagrafici da Lei forniti formano oggetto di trattamento da parte di <i><em>EDILBLU Srl.<br \/><\/em><\/i>Il trattamento dei dati \u00e8 conforme a quanto previsto dal Codice in materia di protezione dei dati personali (Decreto Legislativo 30 giugno 203, n. 196). I dati trattati sono indispensabili all\u2019identificazione del soggetto richiedente per rispondere a domande e richieste di informazioni relativi ai servizi e prodotti erogati da <i><em>EDILBLU Srl.<\/em><\/i><\/p>\n<p>I dati da Lei volontariamente forniti, saranno\u00a0 utilizzati per permettere la fornitura dei servizi richiesti e (limitatamente ai servizi che richiedono un corrispettivo) per provvedere alla relativa fatturazione e conseguenti adempimenti fiscali. I dati registrati potranno anche essere utilizzati per rapporti statistici sulla nostra attivit\u00e0, nonch\u00e9 per l\u2019invio all\u2019interessato di informazioni relative alla stessa, per attivit\u00e0 di comunicazioni di servizio, informazione e promozione commerciale relativa a servizi e prodotti distribuiti dalla societ\u00e0, contatto commerciale, nonch\u00e9 messaggi promozionali e offerte legate alle attivit\u00e0 e ai servizi erogati.<br \/>Il trattamento dei Suoi dati verr\u00e0 svolto manualmente, ovvero mediante l\u2019utilizzo di strumenti elettronici e informatici, applicando logiche strettamente correlate alla finalit\u00e0 stessa, ed esclusivamente ad opera del Titolare e\/o di soggetti (in Italia o all\u2019estero) specificatamente e appositamente autorizzati, in qualit\u00e0 di Responsabili e\/o Incaricati del trattamento, che opereranno in modo tale da <i><em>garantire la sicurezza e la riservatezza dei dati medesimi (anche nel caso di utilizzo di tecniche di comunicazione a distanza) nel rispetto delle misure minime di sicurezza e degli obblighi normativi.<\/em><\/i><\/p>\n<p>I Suoi dati verranno utilizzati al solo fine di perseguire le finalit\u00e0 sopra indicate,\u00a0 <i><em>non saranno soggetti a diffusione e saranno comunicati a terzi nel solo caso in cui ci\u00f2 sia a tal fine necessario.<\/em><\/i> Il conferimento dei Suoi dati personali \u00e8 facoltativo, ma un eventuale rifiuto comporter\u00e0 l\u2019impossibilit\u00e0 di fornirLe i nostri servizi, in tutto o in parte .<br \/>In relazione ai Suoi dati personali, <i><em>Lei potr\u00e0 esercitare in qualunque momento i diritti che le sono riconosciuti dall\u2019art. 7 del D.Lgs. 196\/03, ed in particolare: ottenere la conferma dell\u2019esistenza o meno dei medesimi dati, conoscerne il contenuto, l\u2019origine, e come essi vengano utilizzati, verificarne l\u2019esattezza o chiederne l\u2019aggiornamento o la rettificazione, ovvero quando vi ha interesse, l\u2019integrazione, chiederne la cancellazione, la trasformazione in forma anonima o il blocco qualora fossero trattati in violazione di legge.<\/em><\/i><br \/>Lei inoltre ha il diritto di opporsi, in tutto o in parte, al trattamento dei dati personali: per motivi legittimi, ancorch\u00e9 pertinenti allo scopo della raccolta, e ai fini di invio di materiale pubblicitario o di vendita diretta o per il compimento di ricerche di mercato o di comunicazione commerciale.<br \/>Per esercitare tali diritti, per conoscere l\u2019elenco aggiornato dei Responsabili\u00a0 o Incaricati preposti ai trattamenti sopra sopra indicati, Lei si potr\u00e0 rivolgere alla <b><strong><i><em>EDILBLU Srl, Titolare del trattamento dei suoi dati personali, con sede in Via Luciano Manara n.3, 20082 Binasco (MI), e-mail srledilblu@virgilio.it.<\/em><\/i><br \/><br \/><\/strong><\/b><\/p>\n<p><i><em>&#8211; Tutti i contenuti sono inseriti con cura ed attenzione al fine di fornire con la maggiore esattezza e precisione possibile tutti i dati e le informazioni contenuti nel Sito, tuttavia non si garantisce che non Vi possano comunque essere errori, imprecisioni e\/od omissioni nelle informazioni pubblicate. &#8211;<\/em><\/i><\/p>\n<!-- \/wp:paragraph -->\t\t\t\t\t\t<\/div>\n\t\t\t\t<\/div>\n\t\t\t\t<div class=\"elementor-element elementor-element-9890240 elementor-widget elementor-widget-spacer\" data-id=\"9890240\" data-element_type=\"widget\" data-widget_type=\"spacer.default\">\n\t\t\t\t<div class=\"elementor-widget-container\">\n\t\t\t<style>\/*! elementor - v3.18.0 - 20-12-2023 *\/\n.elementor-column .elementor-spacer-inner{height:var(--spacer-size)}.e-con{--container-widget-width:100%}.e-con-inner>.elementor-widget-spacer,.e-con>.elementor-widget-spacer{width:var(--container-widget-width,var(--spacer-size));--align-self:var(--container-widget-align-self,initial);--flex-shrink:0}.e-con-inner>.elementor-widget-spacer>.elementor-widget-container,.e-con>.elementor-widget-spacer>.elementor-widget-container{height:100%;width:100%}.e-con-inner>.elementor-widget-spacer>.elementor-widget-container>.elementor-spacer,.e-con>.elementor-widget-spacer>.elementor-widget-container>.elementor-spacer{height:100%}.e-con-inner>.elementor-widget-spacer>.elementor-widget-container>.elementor-spacer>.elementor-spacer-inner,.e-con>.elementor-widget-spacer>.elementor-widget-container>.elementor-spacer>.elementor-spacer-inner{height:var(--container-widget-height,var(--spacer-size))}.e-con-inner>.elementor-widget-spacer.elementor-widget-empty,.e-con>.elementor-widget-spacer.elementor-widget-empty{position:relative;min-height:22px;min-width:22px}.e-con-inner>.elementor-widget-spacer.elementor-widget-empty .elementor-widget-empty-icon,.e-con>.elementor-widget-spacer.elementor-widget-empty .elementor-widget-empty-icon{position:absolute;top:0;bottom:0;left:0;right:0;margin:auto;padding:0;width:22px;height:22px}<\/style>\t\t<div class=\"elementor-spacer\">\n\t\t\t<div class=\"elementor-spacer-inner\"><\/div>\n\t\t<\/div>\n\t\t\t\t<\/div>\n\t\t\t\t<\/div>\n\t\t\t\t\t<\/div>\n\t\t<\/div>\n\t\t\t\t\t\t\t<\/div>\n\t\t<\/section>\n\t\t\t\t\t\t\t<\/div>\n\t\t","protected":false},"excerpt":{"rendered":"<p>PRIVACY POLICY Informativa sulla privacy ai sensi dell\u2019art.13 del D.Lgs. n. 196\/03 (codice in materia di protezione dei dati personali).In osservanza delle disposizioni in materia di tutela dei dati personali desideriamo informarLa che i dati personali e anagrafici da Lei forniti formano oggetto di trattamento da parte di EDILBLU Srl.Il trattamento dei dati \u00e8 conforme [&hellip;]<\/p>\n","protected":false},"author":1,"featured_media":0,"parent":0,"menu_order":0,"comment_status":"closed","ping_status":"open","template":"","meta":{"_eb_attr":"","footnotes":""},"class_list":["post-3","page","type-page","status-publish","hentry"],"jetpack_sharing_enabled":true,"_links":{"self":[{"href":"https:\/\/www.vacchinihome.com\/index.php?rest_route=\/wp\/v2\/pages\/3","targetHints":{"allow":["GET"]}}],"collection":[{"href":"https:\/\/www.vacchinihome.com\/index.php?rest_route=\/wp\/v2\/pages"}],"about":[{"href":"https:\/\/www.vacchinihome.com\/index.php?rest_route=\/wp\/v2\/types\/page"}],"author":[{"embeddable":true,"href":"https:\/\/www.vacchinihome.com\/index.php?rest_route=\/wp\/v2\/users\/1"}],"replies":[{"embeddable":true,"href":"https:\/\/www.vacchinihome.com\/index.php?rest_route=%2Fwp%2Fv2%2Fcomments&post=3"}],"version-history":[{"count":18,"href":"https:\/\/www.vacchinihome.com\/index.php?rest_route=\/wp\/v2\/pages\/3\/revisions"}],"predecessor-version":[{"id":3837,"href":"https:\/\/www.vacchinihome.com\/index.php?rest_route=\/wp\/v2\/pages\/3\/revisions\/3837"}],"wp:attachment":[{"href":"https:\/\/www.vacchinihome.com\/index.php?rest_route=%2Fwp%2Fv2%2Fmedia&parent=3"}],"curies":[{"name":"wp","href":"https:\/\/api.w.org\/{rel}","templated":true}]}}