{"id":1172,"date":"2020-05-12T08:32:30","date_gmt":"2020-05-12T08:32:30","guid":{"rendered":"https:\/\/hendon.qodeinteractive.com\/?page_id=1172"},"modified":"2024-02-13T14:27:49","modified_gmt":"2024-02-13T13:27:49","slug":"about-us","status":"publish","type":"page","link":"https:\/\/www.vacchinihome.com\/?page_id=1172","title":{"rendered":"CHI SIAMO"},"content":{"rendered":"\t\t<div data-elementor-type=\"wp-page\" data-elementor-id=\"1172\" class=\"elementor elementor-1172\">\n\t\t\t\t\t\t\t\t\t<section class=\"elementor-section elementor-top-section elementor-element elementor-element-1b78b96 elementor-section-full_width elementor-section-content-middle elementor-section-height-default elementor-section-height-default qodef-elementor-content-no\" data-id=\"1b78b96\" data-element_type=\"section\" data-settings=\"{&quot;background_background&quot;:&quot;classic&quot;}\">\n\t\t\t\t\t\t<div class=\"elementor-container elementor-column-gap-no\">\n\t\t\t\t\t<div class=\"elementor-column elementor-col-100 elementor-top-column elementor-element elementor-element-c6e2b56\" data-id=\"c6e2b56\" data-element_type=\"column\">\n\t\t\t<div class=\"elementor-widget-wrap elementor-element-populated\">\n\t\t\t\t\t\t\t\t<section class=\"elementor-section elementor-inner-section elementor-element elementor-element-7935991 elementor-section-full_width elementor-section-height-default elementor-section-height-default qodef-elementor-content-no\" data-id=\"7935991\" data-element_type=\"section\">\n\t\t\t\t\t\t<div class=\"elementor-container elementor-column-gap-no\">\n\t\t\t\t\t<div class=\"elementor-column elementor-col-100 elementor-inner-column elementor-element elementor-element-5f3eea0\" data-id=\"5f3eea0\" data-element_type=\"column\">\n\t\t\t<div class=\"elementor-widget-wrap elementor-element-populated\">\n\t\t\t\t\t\t\t\t<div class=\"elementor-element elementor-element-48b28f7 elementor-widget elementor-widget-heading\" data-id=\"48b28f7\" data-element_type=\"widget\" data-widget_type=\"heading.default\">\n\t\t\t\t<div class=\"elementor-widget-container\">\n\t\t\t<style>\/*! elementor - v3.18.0 - 20-12-2023 *\/\n.elementor-heading-title{padding:0;margin:0;line-height:1}.elementor-widget-heading .elementor-heading-title[class*=elementor-size-]>a{color:inherit;font-size:inherit;line-height:inherit}.elementor-widget-heading .elementor-heading-title.elementor-size-small{font-size:15px}.elementor-widget-heading .elementor-heading-title.elementor-size-medium{font-size:19px}.elementor-widget-heading .elementor-heading-title.elementor-size-large{font-size:29px}.elementor-widget-heading .elementor-heading-title.elementor-size-xl{font-size:39px}.elementor-widget-heading .elementor-heading-title.elementor-size-xxl{font-size:59px}<\/style><h2 class=\"elementor-heading-title elementor-size-default\">Chi siamo<\/h2>\t\t<\/div>\n\t\t\t\t<\/div>\n\t\t\t\t<div class=\"elementor-element elementor-element-cc027f9 elementor-widget elementor-widget-text-editor\" data-id=\"cc027f9\" data-element_type=\"widget\" data-widget_type=\"text-editor.default\">\n\t\t\t\t<div class=\"elementor-widget-container\">\n\t\t\t<style>\/*! elementor - v3.18.0 - 20-12-2023 *\/\n.elementor-widget-text-editor.elementor-drop-cap-view-stacked .elementor-drop-cap{background-color:#69727d;color:#fff}.elementor-widget-text-editor.elementor-drop-cap-view-framed .elementor-drop-cap{color:#69727d;border:3px solid;background-color:transparent}.elementor-widget-text-editor:not(.elementor-drop-cap-view-default) .elementor-drop-cap{margin-top:8px}.elementor-widget-text-editor:not(.elementor-drop-cap-view-default) .elementor-drop-cap-letter{width:1em;height:1em}.elementor-widget-text-editor .elementor-drop-cap{float:left;text-align:center;line-height:1;font-size:50px}.elementor-widget-text-editor .elementor-drop-cap-letter{display:inline-block}<\/style>\t\t\t\t<p style=\"font-weight: 400;\"><strong><em>VacchiniHome <\/em><\/strong>\u00e8 frutto della necessit\u00e0 di riorganizzare e confermare quello che Edilblu Srl ha fatto nel tempo, ci\u00f2 che in principio doveva servire semplicemente come attivit\u00e0 per vendere immobili \u00e8 diventata negli anni qualcosa di pi\u00f9 grande e importante di quello che ci aspettavamo.<\/p>\n<p><\/p>\n<p style=\"font-weight: 400;\">Tutti questi anni a diretto contatto con il cliente ci hanno fatto capire che la vendita diretta \u00e8 molto importante, garantisce allo stesso una grande tranquillit\u00e0 e sicurezza nel scegliere la propria casa.<\/p>\n<p><\/p>\n<p style=\"font-weight: 400;\">La nostra famiglia si distingue per solidit\u00e0 ed equilibrio patrimoniale e ci\u00f2 garantisce la Vostra sicurezza dell\u2019investimento.<\/p>\n<p><\/p>\n<p style=\"font-weight: 400;\"><strong><em>Le nostre s<\/em><\/strong><strong><em>ociet\u00e0 immobiliari<\/em><\/strong> operano nel campo dell\u2019edilizia da pi\u00f9 di trent\u2019anni, oltre a&nbsp;<strong><em>progettare e costruire<\/em><\/strong>&nbsp;i propri immobili si occupano anche della vendita diretta degli stessi. Prevalentemente operiamo nel sud milanese e provincia di Pavia. Le nostre realizzazioni consistono principalmente in complessi immobiliari composti da&nbsp;<strong><em>palazzine multi piano, ville singole, bifamiliari e a schiera; interventi di recupero residenziali e complessi artigianali\/industriali.<\/em><\/strong><\/p>\n<p><\/p>\n<p style=\"font-weight: 400;\">Tutte le nostre societ\u00e0 immobiliari sono state create dal Geom. Franco Vacchini che con impegno, determinazione e passione, le ha fondate fin dagli anni ottanta. Oggi con la stessa passione i figli&nbsp; Arch. Valeria Vacchini e Geom. Federico Vacchini, continuano l\u2019attivit\u00e0 di costruttori occupandosi direttamente della progettazione, direzione lavori e vendita degli immobili costruiti.<\/p>\n<p><\/p>\n<p style=\"font-weight: 400;\">Il nostro studio tecnico, aperto fin dal 1982 a Moncucco di Vernate, \u00e8 composto da geometri e architetti e si dedica anche allo&nbsp;<strong><em>studio dell\u2019arredamento interno e alla personalizzazione delle singole unit\u00e0 immobiliari<\/em><\/strong><strong>,<\/strong>&nbsp;inoltre vengono svolte tutte le pratiche tecniche di&nbsp;<strong><em>progettazione architettonica, catastali, direzione lavori, rilievi topo-cartografici, certificazioni energetiche, sicurezza in cantiere, consulenze tecniche, perizie, stime e valutazioni immobiliari.<\/em><\/strong><\/p>\n<p><\/p>\n<p style=\"font-weight: 400;\">Dal 2015 ci siamo concentrati esclusivamente sulla costruzione di&nbsp;<strong>\u201cedifici ad Energia Quasi Zero\u201d<\/strong>&nbsp;i cosiddetti&nbsp;<strong>NZEB (Near Zero Energy Buldings)<\/strong>. Il termine NZEB viene utilizzato per definire un edificio il cui consumo energetico \u00e8 quasi pari a zero, quindi sono edifici ad&nbsp;<strong>elevatissima prestazione<\/strong>&nbsp;che riducono il pi\u00f9 possibile i consumi grazie alle loro caratteristiche e al loro funzionamento, riducendo inoltre anche l\u2019impatto nocivo sull\u2019ambiente. Questo vuole dire che la domanda energetica per&nbsp;<em>riscaldamento, raffrescamento, ventilazione, produzione di acqua calda sanitaria ed elettricit\u00e0<\/em>&nbsp;\u00e8 davvero molto bassa.<\/p>\n<p><\/p>\n<p style=\"font-weight: 400;\">Anni di ricerche nel campo delle costruzioni ci hanno permesso di arrivare a costruire degli immobili con un<strong><em>&nbsp;alto livello qualitativo<\/em><\/strong>; sfruttando al meglio il nostro team per la ricerca delle nuove&nbsp;<strong><em>tecnologie, per la progettazione, la direzione lavori, la scelta dei materiali e delle finiture<\/em><\/strong>,&nbsp;riusciamo a garantire ai nostri clienti un immobile con elevato rapporto&nbsp;<strong><em>qualit\u00e0\/prezzo.<\/em><\/strong><\/p>\n<p><\/p>\n<p style=\"font-weight: 400; text-align: center;\"><strong><em>La fiducia accordataci negli anni \u00e8 stata il riconoscimento del nostro lavoro svolto fino ad oggi<\/em><\/strong><strong><em>.<\/em><\/strong><\/p>\n<p><\/p>\n<p style=\"font-weight: 400; text-align: center;\"><em><u>Arch. Valeria Vacchini \u2013 Geom. Federico Vacchini<\/u><\/em><\/p>\t\t\t\t\t\t<\/div>\n\t\t\t\t<\/div>\n\t\t\t\t\t<\/div>\n\t\t<\/div>\n\t\t\t\t\t\t\t<\/div>\n\t\t<\/section>\n\t\t\t\t\t<\/div>\n\t\t<\/div>\n\t\t\t\t\t\t\t<\/div>\n\t\t<\/section>\n\t\t\t\t<section class=\"elementor-section elementor-top-section elementor-element elementor-element-6386d90 elementor-section-full_width qodef-elementor-content-grid elementor-section-height-default elementor-section-height-default\" data-id=\"6386d90\" data-element_type=\"section\" data-settings=\"{&quot;background_background&quot;:&quot;classic&quot;}\">\n\t\t\t\t\t\t<div class=\"elementor-container elementor-column-gap-no\">\n\t\t\t\t\t<div class=\"elementor-column elementor-col-25 elementor-top-column elementor-element elementor-element-aca1313\" data-id=\"aca1313\" data-element_type=\"column\">\n\t\t\t<div class=\"elementor-widget-wrap elementor-element-populated\">\n\t\t\t\t\t\t\t\t<div class=\"elementor-element elementor-element-e66a454 elementor-widget elementor-widget-spacer\" data-id=\"e66a454\" data-element_type=\"widget\" data-widget_type=\"spacer.default\">\n\t\t\t\t<div class=\"elementor-widget-container\">\n\t\t\t<style>\/*! elementor - v3.18.0 - 20-12-2023 *\/\n.elementor-column .elementor-spacer-inner{height:var(--spacer-size)}.e-con{--container-widget-width:100%}.e-con-inner>.elementor-widget-spacer,.e-con>.elementor-widget-spacer{width:var(--container-widget-width,var(--spacer-size));--align-self:var(--container-widget-align-self,initial);--flex-shrink:0}.e-con-inner>.elementor-widget-spacer>.elementor-widget-container,.e-con>.elementor-widget-spacer>.elementor-widget-container{height:100%;width:100%}.e-con-inner>.elementor-widget-spacer>.elementor-widget-container>.elementor-spacer,.e-con>.elementor-widget-spacer>.elementor-widget-container>.elementor-spacer{height:100%}.e-con-inner>.elementor-widget-spacer>.elementor-widget-container>.elementor-spacer>.elementor-spacer-inner,.e-con>.elementor-widget-spacer>.elementor-widget-container>.elementor-spacer>.elementor-spacer-inner{height:var(--container-widget-height,var(--spacer-size))}.e-con-inner>.elementor-widget-spacer.elementor-widget-empty,.e-con>.elementor-widget-spacer.elementor-widget-empty{position:relative;min-height:22px;min-width:22px}.e-con-inner>.elementor-widget-spacer.elementor-widget-empty .elementor-widget-empty-icon,.e-con>.elementor-widget-spacer.elementor-widget-empty .elementor-widget-empty-icon{position:absolute;top:0;bottom:0;left:0;right:0;margin:auto;padding:0;width:22px;height:22px}<\/style>\t\t<div class=\"elementor-spacer\">\n\t\t\t<div class=\"elementor-spacer-inner\"><\/div>\n\t\t<\/div>\n\t\t\t\t<\/div>\n\t\t\t\t<\/div>\n\t\t\t\t\t<\/div>\n\t\t<\/div>\n\t\t\t\t<div class=\"elementor-column elementor-col-25 elementor-top-column elementor-element elementor-element-7712ff7\" data-id=\"7712ff7\" data-element_type=\"column\">\n\t\t\t<div class=\"elementor-widget-wrap elementor-element-populated\">\n\t\t\t\t\t\t\t\t<div class=\"elementor-element elementor-element-f948ac3 elementor-widget elementor-widget-spacer\" data-id=\"f948ac3\" data-element_type=\"widget\" data-widget_type=\"spacer.default\">\n\t\t\t\t<div class=\"elementor-widget-container\">\n\t\t\t\t\t<div class=\"elementor-spacer\">\n\t\t\t<div class=\"elementor-spacer-inner\"><\/div>\n\t\t<\/div>\n\t\t\t\t<\/div>\n\t\t\t\t<\/div>\n\t\t\t\t\t<\/div>\n\t\t<\/div>\n\t\t\t\t<div class=\"elementor-column elementor-col-25 elementor-top-column elementor-element elementor-element-7061d55\" data-id=\"7061d55\" data-element_type=\"column\">\n\t\t\t<div class=\"elementor-widget-wrap elementor-element-populated\">\n\t\t\t\t\t\t\t\t<div class=\"elementor-element elementor-element-d32e543 elementor-widget elementor-widget-spacer\" data-id=\"d32e543\" data-element_type=\"widget\" data-widget_type=\"spacer.default\">\n\t\t\t\t<div class=\"elementor-widget-container\">\n\t\t\t\t\t<div class=\"elementor-spacer\">\n\t\t\t<div class=\"elementor-spacer-inner\"><\/div>\n\t\t<\/div>\n\t\t\t\t<\/div>\n\t\t\t\t<\/div>\n\t\t\t\t\t<\/div>\n\t\t<\/div>\n\t\t\t\t<div class=\"elementor-column elementor-col-25 elementor-top-column elementor-element elementor-element-c811f59\" data-id=\"c811f59\" data-element_type=\"column\">\n\t\t\t<div class=\"elementor-widget-wrap elementor-element-populated\">\n\t\t\t\t\t\t\t\t<div class=\"elementor-element elementor-element-04d183c elementor-widget elementor-widget-spacer\" data-id=\"04d183c\" data-element_type=\"widget\" data-widget_type=\"spacer.default\">\n\t\t\t\t<div class=\"elementor-widget-container\">\n\t\t\t\t\t<div class=\"elementor-spacer\">\n\t\t\t<div class=\"elementor-spacer-inner\"><\/div>\n\t\t<\/div>\n\t\t\t\t<\/div>\n\t\t\t\t<\/div>\n\t\t\t\t\t<\/div>\n\t\t<\/div>\n\t\t\t\t\t\t\t<\/div>\n\t\t<\/section>\n\t\t\t\t\t\t\t<\/div>\n\t\t","protected":false},"excerpt":{"rendered":"<p>Chi siamo VacchiniHome \u00e8 frutto della necessit\u00e0 di riorganizzare e confermare quello che Edilblu Srl ha fatto nel tempo, ci\u00f2 che in principio doveva servire semplicemente come attivit\u00e0 per vendere immobili \u00e8 diventata negli anni qualcosa di pi\u00f9 grande e importante di quello che ci aspettavamo. Tutti questi anni a diretto contatto con il cliente [&hellip;]<\/p>\n","protected":false},"author":1,"featured_media":0,"parent":0,"menu_order":0,"comment_status":"closed","ping_status":"closed","template":"","meta":{"_eb_attr":"","footnotes":""},"class_list":["post-1172","page","type-page","status-publish","hentry"],"jetpack_sharing_enabled":true,"_links":{"self":[{"href":"https:\/\/www.vacchinihome.com\/index.php?rest_route=\/wp\/v2\/pages\/1172","targetHints":{"allow":["GET"]}}],"collection":[{"href":"https:\/\/www.vacchinihome.com\/index.php?rest_route=\/wp\/v2\/pages"}],"about":[{"href":"https:\/\/www.vacchinihome.com\/index.php?rest_route=\/wp\/v2\/types\/page"}],"author":[{"embeddable":true,"href":"https:\/\/www.vacchinihome.com\/index.php?rest_route=\/wp\/v2\/users\/1"}],"replies":[{"embeddable":true,"href":"https:\/\/www.vacchinihome.com\/index.php?rest_route=%2Fwp%2Fv2%2Fcomments&post=1172"}],"version-history":[{"count":60,"href":"https:\/\/www.vacchinihome.com\/index.php?rest_route=\/wp\/v2\/pages\/1172\/revisions"}],"predecessor-version":[{"id":4152,"href":"https:\/\/www.vacchinihome.com\/index.php?rest_route=\/wp\/v2\/pages\/1172\/revisions\/4152"}],"wp:attachment":[{"href":"https:\/\/www.vacchinihome.com\/index.php?rest_route=%2Fwp%2Fv2%2Fmedia&parent=1172"}],"curies":[{"name":"wp","href":"https:\/\/api.w.org\/{rel}","templated":true}]}}